{"id":15,"date":"2017-07-04T20:57:38","date_gmt":"2017-07-04T18:57:38","guid":{"rendered":"http:\/\/schiri-boeblingen.de\/?page_id=15"},"modified":"2026-03-19T19:53:52","modified_gmt":"2026-03-19T18:53:52","slug":"termine","status":"publish","type":"page","link":"https:\/\/schiri-boeblingen.de\/?page_id=15","title":{"rendered":"Termine"},"content":{"rendered":"<h1>Schiedsrichter-Pflichtschulungen<\/h1>\n<p><i>Alle Schulungen finden im Vereinsheim (Nebensaal) des FSV Deufringen (Hasen\u00e4cker 1) statt und beginnen um 19:30 Uhr.\u00a0<\/i><\/p>\n<ul>\n<li>Mittwoch, 29. April 2026 (Lehrwart: Gerrit Nobiling, Thema: In der Hektik des Spiels)<\/li>\n<li>Donnerstag, 21. Mai 2026 (Lehrwart: Marcus Schneider, Thema: Verhinderung einer Torchance)<\/li>\n<li>Mittwoch, 24. Juni 2026 (Schulung findet ONLINE statt, Lehrwart: Sebastian Sch\u00fchl, Thema: Regelstreifzug 2025\/26)<\/li>\n<li>Donnerstag, 16. Juli 2026<\/li>\n<li>Mittwoch, 16. September 2026<\/li>\n<li>Donnerstag, 22. Oktober 2026<\/li>\n<\/ul>\n<h1>Leistungspr\u00fcfung<\/h1>\n<p><i>Die Leistungspr\u00fcfung findet regelm\u00e4\u00dfig statt. Begonnen wird mit der Regelpr\u00fcfung, danach folgen die L\u00e4ufe.\u00a0<\/i><\/p>\n<ul>\n<li>Montag, 4. Mai 2026 im Stadion des VfL Herrenberg\u00a0<\/li>\n<li>Samstag, 11. Juli 2026<\/li>\n<\/ul>\n<h1><strong>Hauptversammlung<\/strong><\/h1>\n<p><em>Die Hauptversammlung <\/em><i>findet im Vereinsheim (Nebensaal) des FSV Deufringen (Hasen\u00e4cker 1) statt und beginnt um 19:30 Uhr.\u00a0<\/i><\/p>\n<ul>\n<li>wieder in 2027<\/li>\n<\/ul>\n<p><span style=\"color: #000000; font-weight: bold;\">Neulingskurs Info-Abende des WFV<\/span><\/p>\n<p><i>Alle Abende finden online auf schiedsrichter-lernen.org statt. Beginn ist um 19 Uhr. Termine und weitere Infos auf der <a href=\"https:\/\/www.wuerttfv.de\/ausbildung\/schiedsrichter\/neulingskurse\/\" target=\"_blank\" rel=\"noopener\">Webseite des WFV.<\/a><\/i><\/p>\n<h1>Zentraler Schiedsrichter-Neulingslehrgang<\/h1>\n<p><i>Der Lehrgang findet in der Sportschule Ruit statt. \u00a0<\/i><\/p>\n<h1>Fortbildungslehrgang f\u00fcr Schiedsrichter der Oberliga und Verbandsliga<\/h1>\n<p><i>Der Lehrgang findet im JUFA Hotel in Wangen statt.<\/i><\/p>\n<h1>Fortbildungslehrgang f\u00fcr Schiedsrichter der Landesliga<\/h1>\n<p><i>Der Lehrgang findet im JUFA Hotel in Wangen statt. \u00a0<\/i><\/p>\n<h1>Fortbildungslehrgang f\u00fcr Schiedsrichter der Bezirksliga<\/h1>\n<p><i>Der Lehrgang findet in in der Sportschule Ruit statt.\u00a0<\/i><\/p>\n<h1>Jungschiedsrichter-Fortbildungslehrgang<\/h1>\n<p><i>Der Lehrgang findet in der Sportschule Ruit statt. Anmeldung \u00fcber den Gruppen-Ausschuss.\u00a0<\/i><\/p>\n<h1><strong>Frauen-Schiedsrichter-Lehrgang<\/strong><\/h1>\n<p><i>Der Lehrgang findet in der Sportschule Ruit statt.<\/i><\/p>\n<h1><strong>Futsal-Lehrgang<\/strong><\/h1>\n<p><i>Der Lehrgang findet in der Sportschule Ruit statt.<\/i><\/p>\n<h1><i><\/i><strong>Lehrgang f\u00fcr Schiedsrichter-Lehrwarte<\/strong><\/h1>\n<p><i>Der Lehrgang findet im JUFA Hotel in Wangen statt.<\/i><\/p>\n\n\n<p><\/p>\n","protected":false},"excerpt":{"rendered":"<p>Schiedsrichter-Pflichtschulungen Alle Schulungen finden im Vereinsheim (Nebensaal) des FSV Deufringen (Hasen\u00e4cker 1) statt und beginnen um 19:30 Uhr.\u00a0 Mittwoch, 29. April 2026 (Lehrwart: Gerrit Nobiling, Thema: In der Hektik des Spiels) Donnerstag, 21. Mai 2026 (Lehrwart: Marcus Schneider, Thema: Verhinderung &hellip; <a href=\"https:\/\/schiri-boeblingen.de\/?page_id=15\">Weiterlesen <span class=\"meta-nav\">&rarr;<\/span><\/a><\/p>\n","protected":false},"author":2,"featured_media":0,"parent":0,"menu_order":0,"comment_status":"closed","ping_status":"closed","template":"","meta":{"footnotes":""},"class_list":["post-15","page","type-page","status-publish","hentry"],"_links":{"self":[{"href":"https:\/\/schiri-boeblingen.de\/index.php?rest_route=\/wp\/v2\/pages\/15","targetHints":{"allow":["GET"]}}],"collection":[{"href":"https:\/\/schiri-boeblingen.de\/index.php?rest_route=\/wp\/v2\/pages"}],"about":[{"href":"https:\/\/schiri-boeblingen.de\/index.php?rest_route=\/wp\/v2\/types\/page"}],"author":[{"embeddable":true,"href":"https:\/\/schiri-boeblingen.de\/index.php?rest_route=\/wp\/v2\/users\/2"}],"replies":[{"embeddable":true,"href":"https:\/\/schiri-boeblingen.de\/index.php?rest_route=%2Fwp%2Fv2%2Fcomments&post=15"}],"version-history":[{"count":224,"href":"https:\/\/schiri-boeblingen.de\/index.php?rest_route=\/wp\/v2\/pages\/15\/revisions"}],"predecessor-version":[{"id":2227,"href":"https:\/\/schiri-boeblingen.de\/index.php?rest_route=\/wp\/v2\/pages\/15\/revisions\/2227"}],"wp:attachment":[{"href":"https:\/\/schiri-boeblingen.de\/index.php?rest_route=%2Fwp%2Fv2%2Fmedia&parent=15"}],"curies":[{"name":"wp","href":"https:\/\/api.w.org\/{rel}","templated":true}]}}