{"id":16,"date":"2017-07-04T20:57:38","date_gmt":"2017-07-04T18:57:38","guid":{"rendered":"http:\/\/schiri-boeblingen.de\/?page_id=16"},"modified":"2025-09-21T10:40:58","modified_gmt":"2025-09-21T08:40:58","slug":"schiedsrichterwesen","status":"publish","type":"page","link":"https:\/\/schiri-boeblingen.de\/?page_id=16","title":{"rendered":"Schiedsrichterwesen"},"content":{"rendered":"<h2 class=\"contentheading\">Wie werde ich Schiedsrichter?<\/h2>\n<p>Wir suchen kontaktfreudie, selbstbewusste Leute, die mit Ihrer Pers\u00f6nlichkeit Selbstbewusstsein ausstrahlen. Wir bieten eine qualifizierte, umfassende Ausbildung zum Schiedsrichter sowie st\u00e4ndige Schulungen zur besseren Regelkenntnis. Au\u00dferdem f\u00f6rdern wir talentierte Schiedsrichter ganz gezielt, u.a. \u00fcber den Leistungskader.<\/p>\n<p>Nach dem Absolvieren eines Neulingslehrgangs bestreiten Sie die ersten Spiele mit Betreuung durch einen erfahrenen Schiedsrichter. F\u00fcr jedes Spiel erhalten Sie eine Aufwandsentsch\u00e4digung sowie Kilometergeld. Au\u00dferdem bezahlen Sie als Schiedsrichter keinen Eintritt zu s\u00e4mtlichen Spielen bis hin zur Bundesliga!<br \/>Konnten wir Ihr Interesse wecken?<\/p>\n<p>Dann melden Sie sich doch bei <a href=\"mailto:stefan.vogt@srg-boeblingen.de\" target=\"_blank\" rel=\"noopener noreferrer\">Daniel Buck<\/a>.<\/p>\n\n\n<figure class=\"wp-block-image size-large\"><img loading=\"lazy\" decoding=\"async\" width=\"730\" height=\"1024\" src=\"https:\/\/schiri-boeblingen.de\/wp-content\/uploads\/2023\/10\/DFB-Vorteil-Schiri-2023-730x1024.jpg\" alt=\"\" class=\"wp-image-1984\" srcset=\"https:\/\/schiri-boeblingen.de\/wp-content\/uploads\/2023\/10\/DFB-Vorteil-Schiri-2023-730x1024.jpg 730w, https:\/\/schiri-boeblingen.de\/wp-content\/uploads\/2023\/10\/DFB-Vorteil-Schiri-2023-214x300.jpg 214w, https:\/\/schiri-boeblingen.de\/wp-content\/uploads\/2023\/10\/DFB-Vorteil-Schiri-2023-768x1078.jpg 768w, https:\/\/schiri-boeblingen.de\/wp-content\/uploads\/2023\/10\/DFB-Vorteil-Schiri-2023.jpg 918w\" sizes=\"auto, (max-width: 730px) 100vw, 730px\" \/><\/figure>\n","protected":false},"excerpt":{"rendered":"<p>Wie werde ich Schiedsrichter? Wir suchen kontaktfreudie, selbstbewusste Leute, die mit Ihrer Pers\u00f6nlichkeit Selbstbewusstsein ausstrahlen. Wir bieten eine qualifizierte, umfassende Ausbildung zum Schiedsrichter sowie st\u00e4ndige Schulungen zur besseren Regelkenntnis. Au\u00dferdem f\u00f6rdern wir talentierte Schiedsrichter ganz gezielt, u.a. \u00fcber den Leistungskader. &hellip; <a href=\"https:\/\/schiri-boeblingen.de\/?page_id=16\">Weiterlesen <span class=\"meta-nav\">&rarr;<\/span><\/a><\/p>\n","protected":false},"author":2,"featured_media":0,"parent":0,"menu_order":0,"comment_status":"closed","ping_status":"closed","template":"","meta":{"footnotes":""},"class_list":["post-16","page","type-page","status-publish","hentry"],"_links":{"self":[{"href":"https:\/\/schiri-boeblingen.de\/index.php?rest_route=\/wp\/v2\/pages\/16","targetHints":{"allow":["GET"]}}],"collection":[{"href":"https:\/\/schiri-boeblingen.de\/index.php?rest_route=\/wp\/v2\/pages"}],"about":[{"href":"https:\/\/schiri-boeblingen.de\/index.php?rest_route=\/wp\/v2\/types\/page"}],"author":[{"embeddable":true,"href":"https:\/\/schiri-boeblingen.de\/index.php?rest_route=\/wp\/v2\/users\/2"}],"replies":[{"embeddable":true,"href":"https:\/\/schiri-boeblingen.de\/index.php?rest_route=%2Fwp%2Fv2%2Fcomments&post=16"}],"version-history":[{"count":6,"href":"https:\/\/schiri-boeblingen.de\/index.php?rest_route=\/wp\/v2\/pages\/16\/revisions"}],"predecessor-version":[{"id":2158,"href":"https:\/\/schiri-boeblingen.de\/index.php?rest_route=\/wp\/v2\/pages\/16\/revisions\/2158"}],"wp:attachment":[{"href":"https:\/\/schiri-boeblingen.de\/index.php?rest_route=%2Fwp%2Fv2%2Fmedia&parent=16"}],"curies":[{"name":"wp","href":"https:\/\/api.w.org\/{rel}","templated":true}]}}