{"id":17,"date":"2017-07-04T20:57:38","date_gmt":"2017-07-04T18:57:38","guid":{"rendered":"http:\/\/schiri-boeblingen.de\/?page_id=17"},"modified":"2025-12-14T11:40:29","modified_gmt":"2025-12-14T10:40:29","slug":"downloads-und-links","status":"publish","type":"page","link":"https:\/\/schiri-boeblingen.de\/?page_id=17","title":{"rendered":"Downloads"},"content":{"rendered":"<p><a href=\"https:\/\/schiri-boeblingen.de\/wp-content\/uploads\/2025\/09\/2025_Anschriften_SR-Ausschuss_SRG_BB.pdf\" target=\"_blank\" rel=\"noopener noreferrer\">Wichtige Informationen und Kontaktdaten der SRG B\u00f6blingen<\/a><\/p>\n<p><a href=\"https:\/\/schiri-boeblingen.de\/wp-content\/uploads\/2020\/09\/Spielberichtbogen-beschreibbar.pdf\" target=\"_blank\" rel=\"noopener noreferrer\">Beschreibbarer Spielbericht<\/a><\/p>\n<p><a href=\"https:\/\/assets.dfb.de\/uploads\/000\/322\/119\/original_Regelheft_2025_2026.pdf\" target=\"_blank\" rel=\"noopener noreferrer\">DFB Fu\u00dfball-Regeln 2025\/26<\/a><\/p>\n<p><a href=\"https:\/\/www.wuerttfv.de\/app\/uploads\/2025\/01\/SR-Merkblatt_2025-2026-1.pdf\" target=\"_blank\" rel=\"noopener noreferrer\">Schiedsrichter-Merkblatt 2025\/26<\/a><\/p>\n<p><a href=\"https:\/\/www.wuerttfv.de\/app\/uploads\/2025\/01\/Spielfelder-Jugendfussball-2025_26-1.pdf\" target=\"_blank\" rel=\"noopener noreferrer\">Spielfelder Jugendfu\u00dfball 2025\/26<\/a><\/p>\n<p><a href=\"https:\/\/www.wuerttfv.de\/app\/uploads\/2020\/04\/Merkblatt-Bespielbarkeit-von-Sportplaetzen_2022.pdf\" target=\"_blank\" rel=\"noopener noreferrer\">Merkblatt f\u00fcr die Bespielbarkeit von Sportpl\u00e4tzen<\/a><\/p>\n<p><a href=\"https:\/\/www.vde.com\/resource\/blob\/936986\/864275700fde3ee23efb3c730d7461a8\/fussball-download-data.pdf\" target=\"_blank\" rel=\"noopener noreferrer\">Fu\u00dfball bei Gewitter &#8211; Richtiges Verhalten im Freien<\/a><\/p>\n<p><a href=\"https:\/\/www.wuerttfv.de\/app\/uploads\/2025\/01\/Durchfuehrungsbestimmungen-Pokal-ABC-Junioren-2025-26.pdf\" target=\"_blank\" rel=\"noopener noreferrer\">Durchf\u00fchrungsbestimmungen Pokal-Wettbewerbe ABC-Junioren 2025\/26<\/a><\/p>\n<p><a href=\"https:\/\/www.wuerttfv.de\/app\/uploads\/2025\/01\/Hallenfussball_Merkblatt_2025-2026.pdf\" target=\"_blank\" rel=\"noopener noreferrer\">Merkblatt f\u00fcr Schiedsrichter Hallenfussball 2025\/26<\/a><\/p>\n<p><a href=\"https:\/\/www.wuerttfv.de\/app\/uploads\/2025\/01\/Erlaeuterungen-zu-Hallenfussballturnieren-2025.pdf\" target=\"_blank\" rel=\"noopener noreferrer\">Auslegung f\u00fcr Spielregeln Hallenfu\u00dfballturniere (Stand 2025)<\/a><\/p>\n<p><a href=\"https:\/\/www.wuerttfv.de\/app\/uploads\/2025\/01\/Futsal-Merkblatt-Schiedsrichter-2025-26.pdf\" target=\"_blank\" rel=\"noopener noreferrer\">Merkblatt f\u00fcr Schiedsrichter Futsal 2025\/26<\/a><\/p>\n<p><a href=\"https:\/\/www.wuerttfv.de\/app\/uploads\/2023\/06\/Aufwandsentschaedigung-01-07-2024-Stand-Juli-2024.pdf\" target=\"_blank\" rel=\"noopener noreferrer\">Schiedsrichter-Aufwandsentsch\u00e4digung ab 1. Juli 2024<\/a><\/p>\n<p><a href=\"https:\/\/www.wuerttfv.de\/app\/uploads\/2020\/04\/Merkblatt-Abrechnung-Schiedsrichterkosten.pdf\" target=\"_blank\" rel=\"noopener\">Merkblatt Abrechnung Schiedsrichterkosten<\/a><\/p>\n<p><a href=\"https:\/\/schiri-boeblingen.de\/?attachment_id=156\" target=\"_blank\" rel=\"attachment wp-att-156 noopener noreferrer\">Euro-Fahrgeldtabelle<\/a><\/p>\n<p><a href=\"https:\/\/schiri-boeblingen.de\/wp-content\/uploads\/2019\/09\/Formular-Antrag-auf-Vereinswechsel.pdf\" target=\"_blank\" rel=\"noopener noreferrer\">Antrag auf Vereinswechsel<\/a><\/p>\n<p><a href=\"https:\/\/www.wuerttfv.de\/app\/uploads\/2025\/01\/Durchfuehrungsbestimmungen-Flex-Modell-2025-2026.pdf\" target=\"_blank\" rel=\"attachment wp-att-156 noopener noreferrer\">Durchf\u00fchrungsbestimmungen \u201eFlex-Modell\u201c 2025\/26<\/a><\/p>\n<p><a href=\"https:\/\/www.wuerttfv.de\/app\/uploads\/2022\/04\/Durchfuehrungsbestimmungen-wfv-Turniere_2024.pdf\" target=\"_blank\" rel=\"attachment wp-att-156 noopener noreferrer\">Durchf\u00fchrungsbestimmungen f\u00fcr Turniere<\/a><\/p>\n<p><a href=\"https:\/\/schiri-boeblingen.de\/wp-content\/uploads\/2020\/06\/WFV_Schiedsrichter_Kfz-Zusatz-2016.pdf\" target=\"_blank\" rel=\"attachment wp-att-157 noopener noreferrer\">ARAG Sportversicherung der Schiedsrichter im WFV<\/a><\/p>\n<p><a href=\"https:\/\/www.wuerttfv.de\/app\/uploads\/2025\/01\/Poolung-Bezirke-2025-2026_0907.pdf\" target=\"_blank\" rel=\"noopener noreferrer\">\u00dcbersicht SR-Poolung 2025\/26<\/a><\/p>\n<p><a href=\"https:\/\/www.wuerttfv.de\/spielbetrieb\/schiedsrichter\/regeln-und-dokumente\/\" target=\"_blank\" rel=\"noopener noreferrer\">Quittungen Poolung<\/a><\/p>\n<p><a href=\"https:\/\/schiri-boeblingen.de\/wp-content\/uploads\/2023\/09\/2023-24_Austausch_Anweisungen_WFV_BFV_SBFV.pdf\" target=\"_blank\" rel=\"noopener noreferrer\">Anweisungen Austausch Baden und S\u00fcdbaden<\/a><\/p>\n<p><a href=\"https:\/\/www.wuerttfv.de\/app\/uploads\/2025\/01\/Sonderbericht-zum-Feldverweis-nach-Roter-Karte-11-2025_beschreibbar.pdf\" target=\"_blank\" rel=\"noopener noreferrer\">Formular f\u00fcr Sonderbericht zum Feldverweis nach Roter Karte<\/a><\/p>\n<p><a href=\"https:\/\/www.wuerttfv.de\/app\/uploads\/2020\/04\/Formular_Meldung_Vorkkommnis_Stopp_Spielabbruch_beschreibbar.pdf\" target=\"_blank\" rel=\"noopener noreferrer\">Sonderbericht Meldung ohne Feldverweis, Besonderes Vorkommnis, Stopp, Abbruch<\/a><\/p>\n<p><a href=\"https:\/\/schiri-boeblingen.de\/wp-content\/uploads\/2022\/08\/2022-01-24_Grundsaetze-Fahrtkostenerstattung-LLVL.pdf\" target=\"_blank\" rel=\"noopener\">Erstattung der Fahrtkosten von SR-Gespannen in Landes- und Verbandsliga<\/a><\/p>\n<p><a href=\"https:\/\/www.wuerttfv.de\/app\/uploads\/2024\/07\/SR-Spesen-Turniere-FS-Spiele-ab-Juli-2024.pdf\" target=\"_blank\" rel=\"noopener noreferrer\">Aufwandsentsch\u00e4digung und Zust\u00e4ndigkeit f\u00fcr die Besetzung bei Freundschaftsspielen ab 01.07.2024<\/a><\/p>\n","protected":false},"excerpt":{"rendered":"<p>Wichtige Informationen und Kontaktdaten der SRG B\u00f6blingen Beschreibbarer Spielbericht DFB Fu\u00dfball-Regeln 2025\/26 Schiedsrichter-Merkblatt 2025\/26 Spielfelder Jugendfu\u00dfball 2025\/26 Merkblatt f\u00fcr die Bespielbarkeit von Sportpl\u00e4tzen Fu\u00dfball bei Gewitter &#8211; Richtiges Verhalten im Freien Durchf\u00fchrungsbestimmungen Pokal-Wettbewerbe ABC-Junioren 2025\/26 Merkblatt f\u00fcr Schiedsrichter Hallenfussball 2025\/26 &hellip; <a href=\"https:\/\/schiri-boeblingen.de\/?page_id=17\">Weiterlesen <span class=\"meta-nav\">&rarr;<\/span><\/a><\/p>\n","protected":false},"author":2,"featured_media":0,"parent":0,"menu_order":0,"comment_status":"closed","ping_status":"closed","template":"","meta":{"footnotes":""},"class_list":["post-17","page","type-page","status-publish","hentry"],"_links":{"self":[{"href":"https:\/\/schiri-boeblingen.de\/index.php?rest_route=\/wp\/v2\/pages\/17","targetHints":{"allow":["GET"]}}],"collection":[{"href":"https:\/\/schiri-boeblingen.de\/index.php?rest_route=\/wp\/v2\/pages"}],"about":[{"href":"https:\/\/schiri-boeblingen.de\/index.php?rest_route=\/wp\/v2\/types\/page"}],"author":[{"embeddable":true,"href":"https:\/\/schiri-boeblingen.de\/index.php?rest_route=\/wp\/v2\/users\/2"}],"replies":[{"embeddable":true,"href":"https:\/\/schiri-boeblingen.de\/index.php?rest_route=%2Fwp%2Fv2%2Fcomments&post=17"}],"version-history":[{"count":103,"href":"https:\/\/schiri-boeblingen.de\/index.php?rest_route=\/wp\/v2\/pages\/17\/revisions"}],"predecessor-version":[{"id":2214,"href":"https:\/\/schiri-boeblingen.de\/index.php?rest_route=\/wp\/v2\/pages\/17\/revisions\/2214"}],"wp:attachment":[{"href":"https:\/\/schiri-boeblingen.de\/index.php?rest_route=%2Fwp%2Fv2%2Fmedia&parent=17"}],"curies":[{"name":"wp","href":"https:\/\/api.w.org\/{rel}","templated":true}]}}