{"id":382,"date":"2018-02-19T06:41:55","date_gmt":"2018-02-19T05:41:55","guid":{"rendered":"http:\/\/schiri-boeblingen.de\/?page_id=382"},"modified":"2025-10-06T15:01:20","modified_gmt":"2025-10-06T13:01:20","slug":"sr-wochenhotline","status":"publish","type":"page","link":"https:\/\/schiri-boeblingen.de\/?page_id=382","title":{"rendered":"Schiedsrichter-Hotline"},"content":{"rendered":"<h1>Hotline der Schiedsrichtergruppe B\u00f6blingen<\/h1>\n<p>F\u00fcr R\u00fcckgaben und Fragen ist innerhalb von 48 Stunden vor Spielbeginn ist nicht der Einteiler anzurufen, sondern die Hotline der Schiedsrichtergruppe B\u00f6blingen:<\/p>\n<ul>\n<li><strong>0 7 0 0 \/ 7 2 4 4 7 4 2 2\u00a0<\/strong><\/li>\n<li><strong>0 7 0 0 \/ S C H I R I B B<\/strong><\/li>\n<\/ul>\n<p>Alle anderen R\u00fcckgaben sind ausschlie\u00dflich an die E-Mail-Adresse <a href=\"mailto:rueckgabe@srg-boeblingen.de\">rueckgabe@srg-boeblingen.de<\/a> zu senden.<\/p>\n","protected":false},"excerpt":{"rendered":"<p>Hotline der Schiedsrichtergruppe B\u00f6blingen F\u00fcr R\u00fcckgaben und Fragen ist innerhalb von 48 Stunden vor Spielbeginn ist nicht der Einteiler anzurufen, sondern die Hotline der Schiedsrichtergruppe B\u00f6blingen: 0 7 0 0 \/ 7 2 4 4 7 4 2 2\u00a0 0 &hellip; <a href=\"https:\/\/schiri-boeblingen.de\/?page_id=382\">Weiterlesen <span class=\"meta-nav\">&rarr;<\/span><\/a><\/p>\n","protected":false},"author":2,"featured_media":0,"parent":16,"menu_order":2,"comment_status":"closed","ping_status":"closed","template":"","meta":{"footnotes":""},"class_list":["post-382","page","type-page","status-publish","hentry"],"_links":{"self":[{"href":"https:\/\/schiri-boeblingen.de\/index.php?rest_route=\/wp\/v2\/pages\/382","targetHints":{"allow":["GET"]}}],"collection":[{"href":"https:\/\/schiri-boeblingen.de\/index.php?rest_route=\/wp\/v2\/pages"}],"about":[{"href":"https:\/\/schiri-boeblingen.de\/index.php?rest_route=\/wp\/v2\/types\/page"}],"author":[{"embeddable":true,"href":"https:\/\/schiri-boeblingen.de\/index.php?rest_route=\/wp\/v2\/users\/2"}],"replies":[{"embeddable":true,"href":"https:\/\/schiri-boeblingen.de\/index.php?rest_route=%2Fwp%2Fv2%2Fcomments&post=382"}],"version-history":[{"count":3,"href":"https:\/\/schiri-boeblingen.de\/index.php?rest_route=\/wp\/v2\/pages\/382\/revisions"}],"predecessor-version":[{"id":2199,"href":"https:\/\/schiri-boeblingen.de\/index.php?rest_route=\/wp\/v2\/pages\/382\/revisions\/2199"}],"up":[{"embeddable":true,"href":"https:\/\/schiri-boeblingen.de\/index.php?rest_route=\/wp\/v2\/pages\/16"}],"wp:attachment":[{"href":"https:\/\/schiri-boeblingen.de\/index.php?rest_route=%2Fwp%2Fv2%2Fmedia&parent=382"}],"curies":[{"name":"wp","href":"https:\/\/api.w.org\/{rel}","templated":true}]}}