{"id":78,"date":"2017-07-07T14:58:01","date_gmt":"2017-07-07T12:58:01","guid":{"rendered":"http:\/\/schiri-boeblingen.de\/?page_id=78"},"modified":"2025-09-21T11:07:54","modified_gmt":"2025-09-21T09:07:54","slug":"leistungskader","status":"publish","type":"page","link":"https:\/\/schiri-boeblingen.de\/?page_id=78","title":{"rendered":"Leistungskader"},"content":{"rendered":"<h1><b><img loading=\"lazy\" decoding=\"async\" class=\"alignleft wp-image-199 size-medium\" src=\"https:\/\/schiri-boeblingen.de\/wp-content\/uploads\/2017\/07\/Reichel_LK-225x300.jpg\" alt=\"\" width=\"225\" height=\"300\" srcset=\"https:\/\/schiri-boeblingen.de\/wp-content\/uploads\/2017\/07\/Reichel_LK-225x300.jpg 225w, https:\/\/schiri-boeblingen.de\/wp-content\/uploads\/2017\/07\/Reichel_LK-768x1024.jpg 768w\" sizes=\"auto, (max-width: 225px) 100vw, 225px\" \/><\/b>Tobias Reichel<\/h1>\n<p><b>1. Bundesliga<\/b><br \/>GSV Maichingen<br \/>SR seit 2000<\/p>\n<h1><img loading=\"lazy\" decoding=\"async\" class=\"alignleft wp-image-196 size-medium\" src=\"https:\/\/schiri-boeblingen.de\/wp-content\/uploads\/2017\/07\/Jaeger_LK.jpg\" alt=\"\" width=\"225\" height=\"300\" srcset=\"https:\/\/schiri-boeblingen.de\/wp-content\/uploads\/2017\/07\/Jaeger_LK.jpg 3998w, https:\/\/schiri-boeblingen.de\/wp-content\/uploads\/2017\/07\/Jaeger_LK-225x300.jpg 225w, https:\/\/schiri-boeblingen.de\/wp-content\/uploads\/2017\/07\/Jaeger_LK-768x1024.jpg 768w\" sizes=\"auto, (max-width: 225px) 100vw, 225px\" \/>Maximilian J\u00e4ger<\/h1>\n<p><b>Verbandsliga<\/b><br \/>SV B\u00f6blingen<br \/>SR seit 2012<\/p>\n<h1><img loading=\"lazy\" decoding=\"async\" class=\"alignleft wp-image-197 size-medium\" src=\"https:\/\/schiri-boeblingen.de\/wp-content\/uploads\/2024\/09\/DBuck.jpg\" alt=\"\" width=\"225\" height=\"300\" \/>Daniel Buck<\/h1>\n<p><b>Verbandsliga<\/b><br \/><b>B-Junioren-Bundesliga<\/b> <br \/>TV G\u00fcltstein<br \/>SR seit 2019<\/p>\n<h1><img loading=\"lazy\" decoding=\"async\" class=\"alignleft wp-image-195 size-medium\" src=\"https:\/\/schiri-boeblingen.de\/wp-content\/uploads\/2025\/09\/Fischer.jpg\" alt=\"\" width=\"225\" height=\"300\" \/>Patrick Fischer<\/h1>\n<p><b>Landesliga<\/b><br \/>VfL Herrenberg<br \/>SR seit 2004<\/p>\n<h1><img loading=\"lazy\" decoding=\"async\" class=\"alignleft wp-image-195 size-medium\" src=\"https:\/\/schiri-boeblingen.de\/wp-content\/uploads\/2024\/09\/Gack.jpg\" alt=\"\" width=\"225\" height=\"300\" \/>Julian Gack<\/h1>\n<p><b>Landesliga<\/b><br \/>VfL Herrenberg<br \/>SR seit 2013<\/p>\n<h1><img loading=\"lazy\" decoding=\"async\" class=\"alignleft wp-image-201 size-medium\" src=\"https:\/\/schiri-boeblingen.de\/wp-content\/uploads\/2024\/09\/Jokic.jpeg\" alt=\"\" width=\"225\" height=\"300\" \/>Stefan Jokic<\/h1>\n<p><b>Landesliga<\/b><br \/>TV Altdorf<br \/>SR seit 2013<\/p>\n<h1><img loading=\"lazy\" decoding=\"async\" class=\"alignleft wp-image-197 size-medium\" src=\"https:\/\/schiri-boeblingen.de\/wp-content\/uploads\/2024\/09\/BBuck.jpeg\" alt=\"\" width=\"225\" height=\"300\" \/>Benjamin Buck<\/h1>\n<p><b>Bezirksliga<\/b><br \/>TV G\u00fcltstein<br \/>SR seit 2020<\/p>\n<h1><img loading=\"lazy\" decoding=\"async\" class=\"alignleft wp-image-197 size-medium\" src=\"https:\/\/schiri-boeblingen.de\/wp-content\/uploads\/2024\/09\/Govorusic.jpeg\" alt=\"\" width=\"225\" height=\"300\" \/>Andre Govorusic<\/h1>\n<p><b>Bezirksliga<\/b><br \/>Spvgg Holzgerlingen<br \/>SR seit 2012<\/p>\n<h1><img loading=\"lazy\" decoding=\"async\" class=\"alignleft wp-image-197 size-medium\" src=\"https:\/\/schiri-boeblingen.de\/wp-content\/uploads\/2025\/09\/Wahrheit.jpg\" alt=\"\" width=\"225\" height=\"300\" \/>David Wahrheit<\/h1>\n<p><b>Bezirksliga<\/b><br \/>SV Bondorf<br \/>SR seit 2023<\/p>\n\n\n<p><\/p>\n","protected":false},"excerpt":{"rendered":"<p>Tobias Reichel 1. BundesligaGSV MaichingenSR seit 2000 Maximilian J\u00e4ger VerbandsligaSV B\u00f6blingenSR seit 2012 Daniel Buck VerbandsligaB-Junioren-Bundesliga TV G\u00fcltsteinSR seit 2019 Patrick Fischer LandesligaVfL HerrenbergSR seit 2004 Julian Gack LandesligaVfL HerrenbergSR seit 2013 Stefan Jokic LandesligaTV AltdorfSR seit 2013 Benjamin Buck &hellip; <a href=\"https:\/\/schiri-boeblingen.de\/?page_id=78\">Weiterlesen <span class=\"meta-nav\">&rarr;<\/span><\/a><\/p>\n","protected":false},"author":2,"featured_media":0,"parent":13,"menu_order":1,"comment_status":"closed","ping_status":"closed","template":"","meta":{"footnotes":""},"class_list":["post-78","page","type-page","status-publish","hentry"],"_links":{"self":[{"href":"https:\/\/schiri-boeblingen.de\/index.php?rest_route=\/wp\/v2\/pages\/78","targetHints":{"allow":["GET"]}}],"collection":[{"href":"https:\/\/schiri-boeblingen.de\/index.php?rest_route=\/wp\/v2\/pages"}],"about":[{"href":"https:\/\/schiri-boeblingen.de\/index.php?rest_route=\/wp\/v2\/types\/page"}],"author":[{"embeddable":true,"href":"https:\/\/schiri-boeblingen.de\/index.php?rest_route=\/wp\/v2\/users\/2"}],"replies":[{"embeddable":true,"href":"https:\/\/schiri-boeblingen.de\/index.php?rest_route=%2Fwp%2Fv2%2Fcomments&post=78"}],"version-history":[{"count":49,"href":"https:\/\/schiri-boeblingen.de\/index.php?rest_route=\/wp\/v2\/pages\/78\/revisions"}],"predecessor-version":[{"id":2176,"href":"https:\/\/schiri-boeblingen.de\/index.php?rest_route=\/wp\/v2\/pages\/78\/revisions\/2176"}],"up":[{"embeddable":true,"href":"https:\/\/schiri-boeblingen.de\/index.php?rest_route=\/wp\/v2\/pages\/13"}],"wp:attachment":[{"href":"https:\/\/schiri-boeblingen.de\/index.php?rest_route=%2Fwp%2Fv2%2Fmedia&parent=78"}],"curies":[{"name":"wp","href":"https:\/\/api.w.org\/{rel}","templated":true}]}}