{"id":81,"date":"2017-07-07T15:02:43","date_gmt":"2017-07-07T13:02:43","guid":{"rendered":"http:\/\/schiri-boeblingen.de\/?page_id=81"},"modified":"2025-09-21T11:32:32","modified_gmt":"2025-09-21T09:32:32","slug":"weblinks","status":"publish","type":"page","link":"https:\/\/schiri-boeblingen.de\/?page_id=81","title":{"rendered":"Weblinks"},"content":{"rendered":"<p><a href=\"https:\/\/youtu.be\/7vDHyab5V3E\" target=\"_blank\" rel=\"noopener noreferrer\">Film &#8222;Der 23. Mann&#8220; aus den 70er Jahren<\/a><\/p>\n<h1>Informationen f\u00fcr Schiedsrichter<\/h1>\n<p><a href=\"https:\/\/www.wuerttfv.de\/spielbetrieb\/schiedsrichter\/\" target=\"_blank\" rel=\"noopener noreferrer\">Schiedsrichter-Seite des W\u00fcrttembergischen Fu\u00dfball-Verband<\/a><\/p>\n<p><a href=\"https:\/\/www.wuerttfv.de\/spielbetrieb\/schiedsrichter\/regeln-und-dokumente\/\" target=\"_blank\" rel=\"noopener noreferrer\">Regeln und Dokumente (wfv-Seite)<\/a><\/p>\n<p><a href=\"https:\/\/www.wuerttfv.de\/service\/download\/\" target=\"_blank\" rel=\"noopener noreferrer\">Downloads (wfv-Seite)<\/a><\/p>\n<p><a href=\"https:\/\/www.wuerttfv.de\/bezirk-stuttgart-boeblingen\/bezirk-stuttgart-boeblingen-home\/\" target=\"_blank\" rel=\"noopener noreferrer\">Bezirk Stuttgart-B\u00f6blingen (wfv-Seite)<\/a><\/p>\n<h1>Verb\u00e4nde<\/h1>\n<p><a href=\"http:\/\/www.wuerttfv.de\" target=\"_blank\" rel=\"noopener noreferrer\">W\u00fcrttembergischer Fu\u00dfballverband e.V.<\/a><\/p>\n<p><a href=\"http:\/\/www.dfb.de\" target=\"_blank\" rel=\"noopener noreferrer\">Deutscher Fu\u00dfball-Bund e.V. (DFB)<\/a><\/p>\n<p><a href=\"https:\/\/www.badfv.de\" target=\"_blank\" rel=\"noopener noreferrer\">Badischer Fu\u00dfballverband e.V.<\/a><\/p>\n<p><a href=\"http:\/\/sbfv.de\" target=\"_blank\" rel=\"noopener noreferrer\">S\u00fcdbadischer Fu\u00dfballverband e.V.<\/a><\/p>\n<h1>Schiedsrichtergruppen<\/h1>\n<p><a href=\"http:\/\/www.referee-online.de\" target=\"_blank\" rel=\"noopener noreferrer\">SRG Aalen<\/a><\/p>\n<p><a href=\"http:\/\/www.srg-backnang.de\" target=\"_blank\" rel=\"noopener noreferrer\">SRG Backnang<\/a><\/p>\n<p><a href=\"http:\/\/www.srg-balingen.de\" target=\"_blank\" rel=\"noopener noreferrer\">SRG Balingen<\/a><\/p>\n<p><a href=\"http:\/\/www.srg-blautal-lonetal.de\" target=\"_blank\" rel=\"noopener noreferrer\">SRG Blautal-Lonetal<\/a><\/p>\n<p><a href=\"http:\/\/www.srgcalw.de\" target=\"_blank\" rel=\"noopener noreferrer\">SRG Calw<\/a><\/p>\n<p><a href=\"http:\/\/www.srg-esslingen.com\" target=\"_blank\" rel=\"noopener noreferrer\">SRG Esslingen<\/a><\/p>\n<p><a href=\"http:\/\/www.srg-fn.de\" target=\"_blank\" rel=\"noopener noreferrer\">SRG Friedrichshafen<\/a><\/p>\n<p><a href=\"http:\/\/www.srg-goeppingen.de\" target=\"_blank\" rel=\"noopener noreferrer\">SRG G\u00f6ppingen<\/a><\/p>\n<p><a href=\"http:\/\/www.srg-heidenheim.de\" target=\"_blank\" rel=\"noopener noreferrer\">SRG Heidenheim<\/a><\/p>\n<p><a href=\"http:\/\/www.schiri-heilbronn.de\" target=\"_blank\" rel=\"noopener noreferrer\">SRG Heilbronn<\/a><\/p>\n<p><a href=\"http:\/\/www.schirigruppe-illertal.de\" target=\"_blank\" rel=\"noopener noreferrer\">SRG Illertal<\/a><\/p>\n<p><a href=\"http:\/\/www.srg-kuenzelsau.de\" target=\"_blank\" rel=\"noopener noreferrer\">SRG K\u00fcnzelsau<\/a><\/p>\n<p><a href=\"http:\/\/www.srg-ludwigsburg.net\" target=\"_blank\" rel=\"noopener noreferrer\">SRG Ludwigsburg<\/a><\/p>\n<p><a href=\"http:\/\/www.srg-leonberg.de\" target=\"_blank\" rel=\"noopener noreferrer\">SRG Leonberg<\/a><\/p>\n<p><a href=\"http:\/\/www.srg-muensingen.de\" target=\"_blank\" rel=\"noopener noreferrer\">SRG M\u00fcnsingen<\/a><\/p>\n<p><a href=\"http:\/\/www.srg-nsw.de\" target=\"_blank\" rel=\"noopener noreferrer\">SRG\u00a0N\u00f6rdlicher Schwarzwald<\/a><\/p>\n<p><a href=\"http:\/\/www.srg-nuertingen.de\" target=\"_blank\" rel=\"noopener noreferrer\">SRG N\u00fcrtingen<\/a><\/p>\n<p><a href=\"http:\/\/www.srg-reutlingen.de\" target=\"_blank\" rel=\"noopener noreferrer\">SRG Reutlingen<\/a><\/p>\n<p><a href=\"http:\/\/www.srgschorndorf.de\" target=\"_blank\" rel=\"noopener noreferrer\">SRG Schorndorf<\/a><\/p>\n<p><a href=\"http:\/\/www.srg-schwaebisch-hall.de\" target=\"_blank\" rel=\"noopener noreferrer\">SRG Schw\u00e4bisch Hall<\/a><\/p>\n<p><a href=\"http:\/\/www.srg-gmuend.de\" target=\"_blank\" rel=\"noopener noreferrer\">SRG Schw\u00e4bisch Gm\u00fcnd<\/a><\/p>\n<p><a href=\"http:\/\/www.abseits.biz\" target=\"_blank\" rel=\"noopener noreferrer\">SRG Stuttgart<\/a><\/p>\n<p><a href=\"http:\/\/www.srg-tuebingen.de\" target=\"_blank\" rel=\"noopener noreferrer\">SRG T\u00fcbingen<\/a><\/p>\n<p><a href=\"http:\/\/www.srg-tut.de\" target=\"_blank\" rel=\"noopener noreferrer\">SRG Tuttlingen<\/a><\/p>\n<p><a href=\"http:\/\/www.schirigruppe-ulm.de\" target=\"_blank\" rel=\"noopener noreferrer\">SRG Ulm\/Neu-Ulm<\/a><\/p>\n<p><a href=\"http:\/\/www.schiedsrichtergruppe-vaihingen.de\" target=\"_blank\" rel=\"noopener noreferrer\">SRG Vaihingen\/Enz<\/a><\/p>\n<p><a href=\"http:\/\/www.srg-wangen.de\" target=\"_blank\" rel=\"noopener noreferrer\">SRG Wangen<\/a><\/p>\n<h1>Sportschulen<\/h1>\n<p><a href=\"http:\/\/www.landessportschule-ruit.de\" target=\"_blank\" rel=\"noopener noreferrer\">Landessportschule Ruit<\/a><\/p>\n<p><a href=\"http:\/\/www.jufa.eu\/hotel\/wangen\/\" target=\"_blank\" rel=\"noopener noreferrer\">Sportschule Wangen (Hotel Waltersb\u00fchl)<\/a><\/p>\n<h1>Routenplaner<\/h1>\n<p><a href=\"http:\/\/maps.google.de\" target=\"_blank\" rel=\"noopener noreferrer\">Google Maps<\/a><\/p>\n","protected":false},"excerpt":{"rendered":"<p>Film &#8222;Der 23. Mann&#8220; aus den 70er Jahren Informationen f\u00fcr Schiedsrichter Schiedsrichter-Seite des W\u00fcrttembergischen Fu\u00dfball-Verband Regeln und Dokumente (wfv-Seite) Downloads (wfv-Seite) Bezirk Stuttgart-B\u00f6blingen (wfv-Seite) Verb\u00e4nde W\u00fcrttembergischer Fu\u00dfballverband e.V. Deutscher Fu\u00dfball-Bund e.V. (DFB) Badischer Fu\u00dfballverband e.V. S\u00fcdbadischer Fu\u00dfballverband e.V. Schiedsrichtergruppen SRG &hellip; <a href=\"https:\/\/schiri-boeblingen.de\/?page_id=81\">Weiterlesen <span class=\"meta-nav\">&rarr;<\/span><\/a><\/p>\n","protected":false},"author":2,"featured_media":0,"parent":0,"menu_order":0,"comment_status":"closed","ping_status":"closed","template":"","meta":{"footnotes":""},"class_list":["post-81","page","type-page","status-publish","hentry"],"_links":{"self":[{"href":"https:\/\/schiri-boeblingen.de\/index.php?rest_route=\/wp\/v2\/pages\/81","targetHints":{"allow":["GET"]}}],"collection":[{"href":"https:\/\/schiri-boeblingen.de\/index.php?rest_route=\/wp\/v2\/pages"}],"about":[{"href":"https:\/\/schiri-boeblingen.de\/index.php?rest_route=\/wp\/v2\/types\/page"}],"author":[{"embeddable":true,"href":"https:\/\/schiri-boeblingen.de\/index.php?rest_route=\/wp\/v2\/users\/2"}],"replies":[{"embeddable":true,"href":"https:\/\/schiri-boeblingen.de\/index.php?rest_route=%2Fwp%2Fv2%2Fcomments&post=81"}],"version-history":[{"count":13,"href":"https:\/\/schiri-boeblingen.de\/index.php?rest_route=\/wp\/v2\/pages\/81\/revisions"}],"predecessor-version":[{"id":2194,"href":"https:\/\/schiri-boeblingen.de\/index.php?rest_route=\/wp\/v2\/pages\/81\/revisions\/2194"}],"wp:attachment":[{"href":"https:\/\/schiri-boeblingen.de\/index.php?rest_route=%2Fwp%2Fv2%2Fmedia&parent=81"}],"curies":[{"name":"wp","href":"https:\/\/api.w.org\/{rel}","templated":true}]}}